{"id":675,"date":"2022-12-08T15:41:41","date_gmt":"2022-12-08T14:41:41","guid":{"rendered":"http:\/\/web25682939"},"modified":"2025-01-29T12:28:01","modified_gmt":"2025-01-29T11:28:01","slug":"philosophie-2","status":"publish","type":"page","link":"https:\/\/hetadittmann.de\/?page_id=675","title":{"rendered":"Philosophie"},"content":{"rendered":"<p><!-- Zitat --><\/p>\n<h3 style=\"text-align: center; color: #ffffff;\"><em><strong>\u201e<\/strong><\/em><em><strong>Da\u00df etwas neu ist und daher gesagt werden sollte, merkt man erst, wenn man auf scharfen Widerspruch st\u00f6\u00dft\u201c<\/strong><\/em><\/h3>\n<p>&nbsp;<\/p>\n<h3 style=\"text-align: center; color: #ffffff;\"><em><strong>&#8211; Prof. Dr. Konrad Lorenz<\/strong><\/em><\/h3>\n<p>&nbsp;<\/p>\n<p>Seit langem hat der klassische Ersthundehalter immer mehr Schwierigkeiten, sich im un\u00fcbersichtlichen Dschungel der kommerziellen Franchise-Hundetrainer-Ausbildungssysteme zurechtzufinden, der von unterschiedlichsten Ans\u00e4tzen und oft widerspr\u00fcchlichen Methoden gepr\u00e4gt ist. Wunschdenken, Egoismus und die zunehmende Vermenschlichung von Hunden haben in den vergangenen Jahren, wenn nicht sogar Jahrzehnten, verst\u00e4rkt Einzug in deutsche Wohnzimmer gehalten, was dazu f\u00fchrt, da\u00df wissenschaftliche Erkenntnisse zunehmend abgelehnt und Mi\u00dfverst\u00e4ndnisse zwischen Hunden und ihren menschlichen Begleitern beg\u00fcnstigt werden.<\/p>\n<p>TV-Hundetrainer-Shows, die oft den Eindruck erwecken, schnelle L\u00f6sungen bieten zu k\u00f6nnen, tragen dabei meist wenig zur Kl\u00e4rung bei. Stattdessen verbreiten sie h\u00e4ufig Halbwahrheiten \u00fcber Themen wie Rangordnung, Alphaw\u00fcrfe, Triebe und Rudelf\u00fchrerschaft, wodurch es f\u00fcr Hundehalter umso schwerer wird, den f\u00fcr sie und ihren Hund passenden Weg zu finden.<\/p>\n<p>Dank meiner Ausbildung, die nahezu alle g\u00e4ngigen Konzepte umfa\u00dft, habe ich Zugang zu einem breiten Spektrum an Trainingsans\u00e4tzen, was mir erm\u00f6glicht, individuell auf die Bed\u00fcrfnisse jedes Hundes und seiner Halter einzugehen. Mit \u00fcber 25.000 erfolgreich trainierten Hunden verschiedenster Rassen und Problematiken stehe ich f\u00fcr ma\u00dfgeschneiderte und nachhaltige Trainingswege, die auf die jeweilige Situation abgestimmt sind.<\/p>\n<p>Bereits w\u00e4hrend der Erstberatung werden Sie sp\u00fcrbare Fortschritte wahrnehmen, die dazu f\u00fchren, da\u00df der Alltag mit Ihrem Hund innerhalb weniger Tage deutlich entspannter wird. Das Training sowie die Anamnese finden stets in Ihrer gewohnten Umgebung statt, wodurch eine realistische und alltagstaugliche Umsetzung gew\u00e4hrleistet wird, und dauern so lange, wie es f\u00fcr nachhaltige Ergebnisse n\u00f6tig ist.<\/p>\n<p>Lange Trainingseinheiten auf Hundepl\u00e4tzen, bei denen weder Sie noch Ihr Hund wirklich lernen, k\u00f6nnen Sie dabei getrost vergessen. \u201eSimulierte Situationen\u201c zu festen Zeiten und an festen Orten bringen Ihrem Hund wenig, au\u00dfer da\u00df er lernt, nur dort \u201ezu funktionieren\u201c.<\/p>\n<p>Mein Trainingskonzept hingegen vermittelt Ihnen fundiertes Wissen \u00fcber die Psychologie und Motivation Ihres Hundes. Sie lernen, sein Verhalten fr\u00fchzeitig zu erkennen und zu verstehen, so da\u00df Sie rechtzeitig intervenieren k\u00f6nnen, bevor er Erfolg mit einem unerw\u00fcnschten Verhalten hat. Denn wenn man vern\u00fcnftig mit Hunden zusammenlebt, ist ihr Verhalten vorhersagbar und steuerbar \u2013 ein Schl\u00fcssel f\u00fcr ein harmonisches Miteinander.<\/p>\n<p style=\"text-align: left;\"><img loading=\"lazy\" decoding=\"async\" class=\"size-medium wp-image-2329 aligncenter\" src=\"https:\/\/hetadittmann.de\/wp-content\/uploads\/2025\/01\/Screenshot_20250129_081218_Instagram-229x300.jpg\" alt=\"\" width=\"229\" height=\"300\" srcset=\"https:\/\/hetadittmann.de\/wp-content\/uploads\/2025\/01\/Screenshot_20250129_081218_Instagram-229x300.jpg 229w, https:\/\/hetadittmann.de\/wp-content\/uploads\/2025\/01\/Screenshot_20250129_081218_Instagram-781x1024.jpg 781w, https:\/\/hetadittmann.de\/wp-content\/uploads\/2025\/01\/Screenshot_20250129_081218_Instagram-768x1007.jpg 768w, https:\/\/hetadittmann.de\/wp-content\/uploads\/2025\/01\/Screenshot_20250129_081218_Instagram.jpg 1024w\" sizes=\"auto, (max-width: 229px) 100vw, 229px\" \/><\/p>\n<p style=\"text-align: left;\">F\u00fcr Rezensionen ohne Einfluss von au\u00dfen, 1xClicken<br \/>\n<!--more--><\/p>\n<p><!--more--><!--more--><\/p>\n","protected":false},"excerpt":{"rendered":"<p>\u201eDa\u00df etwas neu ist und daher gesagt werden sollte, merkt man erst, wenn man auf scharfen Widerspruch st\u00f6\u00dft\u201c &nbsp; &#8211; Prof. Dr. Konrad Lorenz &nbsp; Seit langem hat der klassische Ersthundehalter immer mehr Schwierigkeiten, sich im un\u00fcbersichtlichen Dschungel der kommerziellen Franchise-Hundetrainer-Ausbildungssysteme zurechtzufinden, der von unterschiedlichsten Ans\u00e4tzen und oft widerspr\u00fcchlichen Methoden gepr\u00e4gt ist. Wunschdenken, Egoismus und<\/p>\n<p><a class=\"read-more\" href=\"https:\/\/hetadittmann.de\/?page_id=675\"> Read More&#8230;<\/a><\/p>\n","protected":false},"author":1,"featured_media":0,"parent":0,"menu_order":0,"comment_status":"closed","ping_status":"closed","template":"","meta":{"footnotes":""},"class_list":["post-675","page","type-page","status-publish","hentry"],"_links":{"self":[{"href":"https:\/\/hetadittmann.de\/index.php?rest_route=\/wp\/v2\/pages\/675","targetHints":{"allow":["GET"]}}],"collection":[{"href":"https:\/\/hetadittmann.de\/index.php?rest_route=\/wp\/v2\/pages"}],"about":[{"href":"https:\/\/hetadittmann.de\/index.php?rest_route=\/wp\/v2\/types\/page"}],"author":[{"embeddable":true,"href":"https:\/\/hetadittmann.de\/index.php?rest_route=\/wp\/v2\/users\/1"}],"replies":[{"embeddable":true,"href":"https:\/\/hetadittmann.de\/index.php?rest_route=%2Fwp%2Fv2%2Fcomments&post=675"}],"version-history":[{"count":23,"href":"https:\/\/hetadittmann.de\/index.php?rest_route=\/wp\/v2\/pages\/675\/revisions"}],"predecessor-version":[{"id":2334,"href":"https:\/\/hetadittmann.de\/index.php?rest_route=\/wp\/v2\/pages\/675\/revisions\/2334"}],"wp:attachment":[{"href":"https:\/\/hetadittmann.de\/index.php?rest_route=%2Fwp%2Fv2%2Fmedia&parent=675"}],"curies":[{"name":"wp","href":"https:\/\/api.w.org\/{rel}","templated":true}]}}