{"id":672,"date":"2022-12-08T15:41:41","date_gmt":"2022-12-08T14:41:41","guid":{"rendered":"http:\/\/web25682939"},"modified":"2024-10-09T15:39:03","modified_gmt":"2024-10-09T13:39:03","slug":"halloechen-2","status":"publish","type":"page","link":"https:\/\/hetadittmann.de\/","title":{"rendered":"Herzlich Willkommen"},"content":{"rendered":"\r\n<p>Mein Name ist Detlef Dittmann.<\/p>\r\n<p>Ich wurde am 19.07.1986 in Neubrandenburg (Mecklenburg) geboren und arbeite seit dem Jahr 2008 als einer der ersten (einheitlich zertifizierten) Hundetrainer Deutschlands.<br \/><br \/><\/p>\r\n\r\n<figure class=\"wp-block-gallery has-nested-images columns-default is-cropped wp-block-gallery-1 is-layout-flex wp-block-gallery-is-layout-flex\">\r\n<figure class=\"wp-block-image size-large\"><img decoding=\"async\" class=\"wp-image-469\" src=\"https:\/\/hetadittmann.de\/wp-content\/uploads\/2022\/12\/IMG_4065-1024x766.jpg\" alt=\"\" \/><\/figure>\r\n<\/figure>\r\n\r\n<p>&nbsp;<\/p>\r\n<p>Zus\u00e4tzliche Aus-&amp; Weiterbildungen (u.a. zum Tierpsychologen, Verhaltenstherapeut &amp; IHK-Tierpfleger), Fortbildungen,\u00a0 Praktika bei Kollegen (bspw. Schlegel, A.Lutz, Hause, Lind..) &amp; mehrj\u00e4hrige T\u00e4tigkeit in verschiedenen Tierkliniken, erm\u00f6glichten es mir viel praktische Erfahrung am Tier zu sammeln und mein Trainigskonzept (mit Hilfe aktuellster, veterin\u00e4rmedizinischer &amp; kynologischer Erkenntnisse ) kontinuierlich zu optimieren, in ALLEN SEGMENTEN des Bereichs &#8222;Hund&#8220; anzuwenden und zu verbreiten.<\/p>\r\n<p>Den Erfolg meines Konzepts belegen mehrfache Auszeichnungen zur Hundeschule des Jahres durch das Fachmagazin &#8222;DerHund&#8220;, damit verbundene Ver\u00f6ffentlichungen von Fachartikeln &amp; die unbefristete \/ uneingeschr\u00e4nkte Erteilung der Arbeitserlaubnis (Paragraph11 TierschG) durch das Veterin\u00e4ramt Seelow.<\/p>","protected":false},"excerpt":{"rendered":"<p>&nbsp; Zus\u00e4tzliche Aus-&amp; Weiterbildungen (u.a. zum Tierpsychologen, Verhaltenstherapeut &amp; IHK-Tierpfleger), Fortbildungen,\u00a0 Praktika bei Kollegen (bspw. Schlegel, A.Lutz, Hause, Lind..) &amp; mehrj\u00e4hrige T\u00e4tigkeit in verschiedenen Tierkliniken, erm\u00f6glichten es mir viel praktische Erfahrung am Tier zu sammeln und mein Trainigskonzept (mit Hilfe aktuellster, veterin\u00e4rmedizinischer &amp; kynologischer Erkenntnisse ) kontinuierlich zu optimieren, in ALLEN SEGMENTEN des Bereichs &#8222;Hund&#8220;<\/p>\n<p><a class=\"read-more\" href=\"https:\/\/hetadittmann.de\/\"> Read More&#8230;<\/a><\/p>\n","protected":false},"author":1,"featured_media":0,"parent":0,"menu_order":1,"comment_status":"closed","ping_status":"closed","template":"","meta":{"footnotes":""},"class_list":["post-672","page","type-page","status-publish","hentry"],"_links":{"self":[{"href":"https:\/\/hetadittmann.de\/index.php?rest_route=\/wp\/v2\/pages\/672","targetHints":{"allow":["GET"]}}],"collection":[{"href":"https:\/\/hetadittmann.de\/index.php?rest_route=\/wp\/v2\/pages"}],"about":[{"href":"https:\/\/hetadittmann.de\/index.php?rest_route=\/wp\/v2\/types\/page"}],"author":[{"embeddable":true,"href":"https:\/\/hetadittmann.de\/index.php?rest_route=\/wp\/v2\/users\/1"}],"replies":[{"embeddable":true,"href":"https:\/\/hetadittmann.de\/index.php?rest_route=%2Fwp%2Fv2%2Fcomments&post=672"}],"version-history":[{"count":15,"href":"https:\/\/hetadittmann.de\/index.php?rest_route=\/wp\/v2\/pages\/672\/revisions"}],"predecessor-version":[{"id":2320,"href":"https:\/\/hetadittmann.de\/index.php?rest_route=\/wp\/v2\/pages\/672\/revisions\/2320"}],"wp:attachment":[{"href":"https:\/\/hetadittmann.de\/index.php?rest_route=%2Fwp%2Fv2%2Fmedia&parent=672"}],"curies":[{"name":"wp","href":"https:\/\/api.w.org\/{rel}","templated":true}]}}